{"id":2653,"date":"2020-03-30T10:53:34","date_gmt":"2020-03-30T08:53:34","guid":{"rendered":"https:\/\/datascience.unifi.it\/?page_id=2653"},"modified":"2021-01-11T15:19:20","modified_gmt":"2021-01-11T14:19:20","slug":"covid-19-disia","status":"publish","type":"page","link":"https:\/\/datascience.unifi.it\/index.php\/projects\/covid-19-fds\/covid-19-disia\/","title":{"rendered":"Covid-19 @DiSIA"},"content":{"rendered":"<h2><span style=\"color: #ff0000;\">Covid-19-@DiSIA\u00a0<\/span><\/h2>\n<p style=\"text-align: right;\"><img loading=\"lazy\" decoding=\"async\" class=\"wp-image-2655 alignright\" src=\"https:\/\/datascience.unifi.it\/wp-content\/uploads\/2020\/03\/covid2square.png\" alt=\"\" width=\"186\" height=\"175\" srcset=\"https:\/\/datascience.unifi.it\/wp-content\/uploads\/2020\/03\/covid2square.png 559w, https:\/\/datascience.unifi.it\/wp-content\/uploads\/2020\/03\/covid2square-300x283.png 300w\" sizes=\"auto, (max-width: 186px) 100vw, 186px\" \/><\/p>\n<p>Un numeroso gruppo di ricercatori del <a href=\"https:\/\/www.disia.unifi.it\" target=\"_blank\" rel=\"noopener noreferrer\">DiSIA<\/a> sta lavorando su diversi fronti alla produzione di evidenza intorno all\u2019epidemia da SARS-CoV-2: dall\u2019implementazione di modelli per il monitoraggio, la previsione e la valutazione di interventi volti al contenimento dell\u2019epidemia allo studio di disegni di campionamento per l\u2019individuazione degli infetti, dalla valutazione delle determinanti della durata dei ricoveri allo studio delle conseguenze socio-economiche e psicologiche dell\u2019epidemia.<\/p>\n<p>&nbsp;<\/p>\n<ul>\n<li style=\"list-style-type: none;\">\n<ul>\n<li><a href=\"https:\/\/www.disia.unifi.it\/p269.html\"><strong>Check here for the latest news!<\/strong><\/a><\/li>\n<li><strong>Michela Baccini<\/strong> new paper on <a href=\"https:\/\/www.scienzainrete.it\/articolo\/lepidemia-sommersa-nella-seconda-ondata\/michela-baccini\/2020-12-11?fbclid=IwAR30S2ppZUiLHzZTZPIhYqXdxtNyUMj1FxIxJzFro15J9-PmwdYGMxNX9CM\">Scienza in Rete<\/a><\/li>\n<li><a href=\"https:\/\/datascience.unifi.it\/wp-content\/uploads\/2020\/11\/2020111346882773.pdf\">&#8220;Scuola, trasporti ed elezioni hanno rimesso in moto il virus, la movida estiva c&#8217;entra poco&#8221;<\/a>, pubblicato su\u00a0Il Tirreno (13\/11\/2020).<\/li>\n<li><strong>Fabrizia Mealli<\/strong> interviewed by\u00a0<a href=\"http:\/\/bancadati.datavideo.it\/media\/20201102\/20201102-SKY_TG24-SKY_TG24_1800-191715370m.mp4\">Sky tg24<\/a> (02\/11\/2020)<\/li>\n<li><a href=\"https:\/\/datascience.unifi.it\/wp-content\/uploads\/2020\/10\/2020100746535241.pdf\">Progetto &#8220;pool testing&#8221; la Toscana sperimenta lo screening di gruppo<\/a>, pubblicato su\u00a0la Repubblica Firenze (07\/10\/2020).<\/li>\n<li>Arpino, Bruno, Pasqualini, Marta, Bordone, Valeria, and Sol\u00e9-Aur\u00f3, Aida. Older people\u2019s non-physical contacts and depression during the COVID-19 lockdown. The Gerontologist, doi: 10.1093\/geront\/gnaa144<\/li>\n<li>Bruno Arpino, Valeria Bordone, and\u00a0 Marta Pasqualini. Reply to Dowd et al.: Dangerous to overemphasize the importance of specific COVID-19 risk factors based on (unadjusted) macro-level analyses. PNA<\/li>\n<li><strong>Bruno Arpino<\/strong>, <strong>Valeria Bordone<\/strong> and <strong>Marta Pasqualini<\/strong> (2020). <a href=\"https:\/\/www.pnas.org\/content\/early\/2020\/07\/21\/2008581117\">Intergenerational relationships and COVID-19. A cautionary tale of available empirical evidence<\/a>. Proceedings of the National Academy of Sciences (PNAS),<br \/>\ndoi: 10.1073\/pnas.2008581117 (22\/07\/2020). L&#8217;articolo di <strong>Antonella Maraviglia<\/strong> che lo riassume in italiano: <a href=\"https:\/\/www.unifimagazine.it\/convivenza-famiglia-maggior-rischio-mortalita-covid-nessuna-relazione-certa\/?fbclid=IwAR0g3rHFyna4isr0bnaaJCRZoFphZKhbK8L78_jOicRVbESM7smaBh1-qMU\">Convivenza in famiglia e maggior rischio mortalit\u00e0 COVID. Nessuna relazione certa<\/a>, pubblicato su Magazine UNIFI (23\/07\/2020).<\/li>\n<li><a href=\"https:\/\/www.unifimagazine.it\/covid-19-test-gruppo-accelerare-lo-screening\/\">Covid-19, test di gruppo per accelerare lo screening<\/a>,\u00a0pubblicato su UnifiMagazine (25\/05\/2020).<\/li>\n<li><strong>Francesca Luppi<\/strong>, <strong>Bruno Arpino<\/strong> and <strong>Alessandro Rosina<\/strong> (2020). <a href=\"https:\/\/osf.io\/preprints\/socarxiv\/wr9jb\/\">The impact of COVID-19 on fertility plans in Italy, Germany, France, Spain and UK<\/a>.\u00a0SocArXiv, doi:10.31235\/osf.io\/wr9jb (22\/05\/2020).<\/li>\n<li><a href=\"https:\/\/datascience.unifi.it\/wp-content\/uploads\/2020\/03\/2020051814905936.pdf\">Una sola analisi per pi\u00f9 tamponi di parenti o colleghi. La versione italiana del \u201cpool testing\u201d per risparmiare sui reagenti<\/a>,\u00a0pubblicato su Business Insider Italia (18\/05\/2020).<\/li>\n<li><a href=\"https:\/\/datascience.unifi.it\/wp-content\/uploads\/2020\/03\/2020051345294794.pdf\">Tamponi di gruppo contro il virus &#8220;12 mila i positivi non intercettati&#8221;<\/a>, pubblicato su La Nazione Firenze (13\/05\/2020).<\/li>\n<li><a href=\"https:\/\/www.facebook.com\/watch\/live\/?v=1093285531044946\">La statistica nell&#8217;emergenza del Covid-19<\/a>,\u00a0webinar\u00a0organizzato dall&#8217;Associazione Nazionale dei Tributaristi (13\/05\/2020).<\/li>\n<li><a href=\"https:\/\/www.neodemos.info\/articoli\/baby-boom-da-covid-19-no\/\">Baby boom da COVID-19? No.<\/a> di\u00a0<strong>Letizia Mencarini<\/strong> e <strong>Daniele Vignoli<\/strong>, pubblicato da Neodemos (12\/05\/2020).<\/li>\n<li><a href=\"https:\/\/datascience.unifi.it\/wp-content\/uploads\/2020\/03\/wp_disia_2020_05.pdf\">Are intergenerational relationships responsible for more COVID-19 cases? A cautionary tale of available empirical evidence<\/a> by\u00a0<strong>Bruno Arpino<\/strong>, <strong>Valeria Bordone<\/strong>, <strong>Marta Pasqualini<\/strong> (08\/05\/2020).<\/li>\n<li><a href=\"https:\/\/sites.google.com\/unifi.it\/intergen-covid\/home-page?authuser=0\">Intergenerational relationships and mental health during the COVID-19 pandemic<\/a>\u00a0by <strong>Bruno Arpino<\/strong>, <strong>Valeria Bordone<\/strong> and <strong>Marta Pasqualini<\/strong> in collaboration with <strong>A\u00efda Sol\u00e9-Aur\u00f3<\/strong>, <strong>L\u00e9a Pessin<\/strong> and <strong>Daniele Vignoli<\/strong> (04\/05\/2020).<\/li>\n<li><a href=\"https:\/\/datascience.unifi.it\/wp-content\/uploads\/2020\/03\/COVID19-al-28042020-ELVannucci.pdf\">Come stimare la fine dell&#8217;emergenza Covid-19 in Italia<\/a>\u00a0di <strong>Emanuele Vannucci<\/strong> e <strong>Luigi Vannucci<\/strong> (28\/04\/2020).<\/li>\n<li>GdL ISPRO Toscana, GdL DISIA Unifi, GdL ARS Toscana (2020).\u00a0<a href=\"https:\/\/repo.epiprev.it\/1235\">Strategie di sorveglianza e biomonitoraggio del contagio da SARS-CoV-2 tramite tamponi individuali, pool testing e test sierologici: un protocollo per affrontare il dopo lockdown in Regione Toscana<\/a>. E&amp;P Repository (20\/04\/2020).<\/li>\n<li><a href=\"https:\/\/datascience.unifi.it\/wp-content\/uploads\/2020\/03\/Toscana-Oggi.pdf\">Come e quando ne usciremo? &#8220;Gradualmente e con cautela&#8221;<\/a>, pubblicato su Toscana Oggi (19\/04\/2020).<\/li>\n<li><a href=\"https:\/\/datascience.unifi.it\/wp-content\/uploads\/2020\/03\/Il-Tirreno-12Aprile2020.pdf\">Scenario da incubo: se molliamo ora epidemia in estate e tantissimi morti<\/a>, pubblicato su\u00a0Il Tirreno (12\/04\/2020).<\/li>\n<li>A <a href=\"https:\/\/mattpedone.shinyapps.io\/dbcovidu\/\" target=\"_blank\" rel=\"noopener noreferrer\">dashboard<\/a> implemented by <strong>Matteo Pedone<\/strong>\u00a0showing interactively the role of some parameters on the SIRD epidemiologic compartmental model (11\/04\/2020)<\/li>\n<li><a href=\"https:\/\/datascience.unifi.it\/wp-content\/uploads\/2020\/03\/Covid-19-Senza-il-blocco-Repubblica-Firenze.pdf\">Gli esperti: senza blocco 36 mila morti in Toscana<\/a>, pubblicato su la Repubblica Firenze (10\/04\/2020).<\/li>\n<li><strong>Michela Baccini, Giulia Cereda, Cecilia Viscardi, Anna Gottard, Fabrizia Mealli<\/strong> (2020). <a href=\"https:\/\/repo.epiprev.it\/1085\" target=\"_blank\" rel=\"noopener noreferrer\">Oltre il picco: analisi e previsioni dell\u2019epidemia da SARS-CoV-2 in Toscana<\/a>. E&amp;P Repository\u00a0(10\/04\/2020).<\/li>\n<li><a class=\"oajrlxb2 g5ia77u1 qu0x051f esr5mh6w e9989ue4 r7d6kgcz rq0escxv nhd2j8a9 nc684nl6 p7hjln8o kvgmc6g5 cxmmr5t8 oygrvhab hcukyx3x jb3vyjys rz4wbd8a qt6c0cv9 a8nywdso i1ao9s8h esuyzwwr f1sip0of lzcic4wl gmql0nx0 gpro0wi8 b1v8xokw\" tabindex=\"0\" href=\"https:\/\/www.facebook.com\/hashtag\/chiediloaunifi\"><strong>#chiediloaunifi<\/strong><\/a>\u00a0|\u00a0<a href=\"https:\/\/www.facebook.com\/UNIFIOFFICIAL\/videos\/244832473323192\/\">Durante una pandemia i numeri sono importanti, ma come leggerli?<\/a>\u00a0Il Florence Center for Data Science e il Dipartimento di Statistica, Informatica, Applicazioni &#8220;Giuseppe Parenti&#8221; stanno lavorando proprio a questo, come ci spiega <strong>Fabrizia Mealli<\/strong>, direttrice del Centro\u00a0 (08\/04\/2020).<\/li>\n<li><a href=\"https:\/\/datascience.unifi.it\/wp-content\/uploads\/2020\/03\/Guida_al_trattamento_dei_dati_Covid_19.pdf\">Guida alla lettura e all&#8217;interpretazione dei dati COVID-19<\/a>\u00a0di\u00a0<strong>Fiammetta Menchetti<\/strong>,\u00a0<strong>Silvia Noirjean<\/strong>. Obiettivo di questa breve guida \u00e8 quello di fornire uno strumento utile a comprendere i dati disponibili sulla pandemia COVID-19 in Italia e il loro contenuto informativo, fruibile da chiunque ne abbia necessit\u00e0 (10\/04\/2020).<\/li>\n<li><a href=\"https:\/\/datascience.unifi.it\/wp-content\/uploads\/2020\/04\/OLTRE_IL_PICCO.pdf\" target=\"_blank\" rel=\"noopener noreferrer\">Oltre\u00a0il picco<\/a>\u00a0di\u00a0<strong>Michela Baccini<\/strong>,\u00a0<strong>Giulia Cereda<\/strong>,\u00a0<strong>Cecilia Viscardi<\/strong>,\u00a0<strong>Fabrizia Mealli<\/strong>. Partendo dall\u2019analisi dei dati dei decessi in Toscana con modelli compartimentali, questa nota intende contribuire al dibattito scientifico tra i vari gruppi di ricercatori in ateneo e fornire un contributo anche al governo regionale, si spera utile in un\u2019ottica di maggior comprensione delle dinamiche del fenomeno e pianificazione degli interventi futuri (aggiornamento del (06\/04\/2020)).<\/li>\n<li><strong>David Waltner-Toews, Annibale Biggeri, Bruna De Marchi, Silvio Funtowicz, Mario Giampietro, Martin O\u2019Connor, Jerome R. Ravetz, Andrea Saltelli, Jeroen P. Van Der Sluijs<\/strong> (2020).\u00a0<a href=\"http:\/\/dx.doi.org\/10.1701\/3347.33181\">Pandemie post-normali. Perch\u00e9 CoViD-19 richiede un nuovo approccio alla scienza.<\/a>\u00a0Recenti Progressi in Medicina, vol. 111, pp. 202-204 (02\/04\/2020). Versione in inglese\u00a0<a href=\"https:\/\/steps-centre.org\/blog\/postnormal-pandemics-why-covid-19-requires-a-new-approach-to-science\/\">Postnormal pandemics: why COVID-19 requires a new approach to science<\/a>, pubblicato su\u00a0STEPS Centre (25\/03\/2020).<\/li>\n<li><a href=\"https:\/\/www.neodemos.info\/articoli\/covid_19-in-italia-una-o-tante-epidemie\/\">Covid-19\u00a0in Italia: una o tante epidemie?<\/a>\u00a0di\u00a0<strong>Mauro Maltagliati<\/strong>,\u00a0pubblicato da Neodemos (<a href=\"https:\/\/datascience.unifi.it\/wp-content\/uploads\/2020\/03\/Appendice-metodologica-Un-modello-unico-per-differenziazione-regionale-delle-curve-epidemiologiche.pdf\">Appendice metodologica<\/a>) (02\/04\/2020)<\/li>\n<li><a href=\"https:\/\/datascience.unifi.it\/wp-content\/uploads\/2020\/03\/Martelli_19032020.pdf\" target=\"_blank\" rel=\"noopener noreferrer\">L\u2019importanza dei dati: ora per capire e poi per ricostruire<\/a> di <strong>Cristina Martelli<\/strong>, pubblicato dal Corriere Fiorentino (19\/03\/2020)<\/li>\n<li><a href=\"https:\/\/www.neodemos.info\/articoli\/covid-19-proviamo-a-prevedere-cosa-succedera\/\" target=\"_blank\" rel=\"noopener noreferrer\">Covid-19: Proviamo a prevedere cosa succeder\u00e0<\/a>\u00a0di <strong>Mauro Maltagliati<\/strong>,\u00a0pubblicato da Neodemos (19\/03\/2020)<\/li>\n<li><a href=\"https:\/\/www.neodemos.info\/articoli\/covid-19-gravissimo-ma-non-e-langelo-sterminatore\/\" target=\"_blank\" rel=\"noopener noreferrer\"> Covid-19: Gravissimo, ma non \u00e8 l\u2019Angelo Sterminatore<\/a> di <strong>Massimo Livi Bacci\u00a0<\/strong>pubblicato da Neodemos (10\/03\/2020)<\/li>\n<\/ul>\n<\/li>\n<\/ul>\n","protected":false},"excerpt":{"rendered":"<p>Covid-19-@DiSIA\u00a0 Un numeroso gruppo di ricercatori del DiSIA sta lavorando su diversi fronti alla produzione di evidenza intorno all\u2019epidemia da SARS-CoV-2: dall\u2019implementazione di modelli per il monitoraggio, la previsione e &#8230;<\/p>\n","protected":false},"author":4,"featured_media":0,"parent":2559,"menu_order":0,"comment_status":"closed","ping_status":"closed","template":"","meta":{"_monsterinsights_skip_tracking":false,"_monsterinsights_sitenote_active":false,"_monsterinsights_sitenote_note":"","_monsterinsights_sitenote_category":0,"footnotes":""},"class_list":["post-2653","page","type-page","status-publish","hentry"],"_links":{"self":[{"href":"https:\/\/datascience.unifi.it\/index.php\/wp-json\/wp\/v2\/pages\/2653","targetHints":{"allow":["GET"]}}],"collection":[{"href":"https:\/\/datascience.unifi.it\/index.php\/wp-json\/wp\/v2\/pages"}],"about":[{"href":"https:\/\/datascience.unifi.it\/index.php\/wp-json\/wp\/v2\/types\/page"}],"author":[{"embeddable":true,"href":"https:\/\/datascience.unifi.it\/index.php\/wp-json\/wp\/v2\/users\/4"}],"replies":[{"embeddable":true,"href":"https:\/\/datascience.unifi.it\/index.php\/wp-json\/wp\/v2\/comments?post=2653"}],"version-history":[{"count":49,"href":"https:\/\/datascience.unifi.it\/index.php\/wp-json\/wp\/v2\/pages\/2653\/revisions"}],"predecessor-version":[{"id":3227,"href":"https:\/\/datascience.unifi.it\/index.php\/wp-json\/wp\/v2\/pages\/2653\/revisions\/3227"}],"up":[{"embeddable":true,"href":"https:\/\/datascience.unifi.it\/index.php\/wp-json\/wp\/v2\/pages\/2559"}],"wp:attachment":[{"href":"https:\/\/datascience.unifi.it\/index.php\/wp-json\/wp\/v2\/media?parent=2653"}],"curies":[{"name":"wp","href":"https:\/\/api.w.org\/{rel}","templated":true}]}}